{"id":2,"date":"2013-05-01T09:12:47","date_gmt":"2013-05-01T09:12:47","guid":{"rendered":"http:\/\/jackassbrassband.fr\/?page_id=2"},"modified":"2021-10-16T17:48:19","modified_gmt":"2021-10-16T17:48:19","slug":"sample-page","status":"publish","type":"page","link":"http:\/\/jackassbrassband.fr\/","title":{"rendered":"Jackass Brass Band"},"content":{"rendered":"<p><a href=\"http:\/\/jackassbrassband.fr\/wp-content\/uploads\/2013\/05\/Capture-d\u00b9\u00e9cran-2018-01-15-\u00e0-17.59.34.png\"><img loading=\"lazy\" class=\"wp-image-219 aligncenter\" src=\"http:\/\/jackassbrassband.fr\/wp-content\/uploads\/2013\/05\/Capture-d\u00b9\u00e9cran-2018-01-15-\u00e0-17.59.34-300x271.png\" alt=\"Capture d\u00b9\u00e9cran 2018-01-15 \u00e0 17.59.34\" width=\"195\" height=\"176\" srcset=\"http:\/\/jackassbrassband.fr\/wp-content\/uploads\/2013\/05\/Capture-d\u00b9\u00e9cran-2018-01-15-\u00e0-17.59.34-300x271.png 300w, http:\/\/jackassbrassband.fr\/wp-content\/uploads\/2013\/05\/Capture-d\u00b9\u00e9cran-2018-01-15-\u00e0-17.59.34.png 712w\" sizes=\"(max-width: 195px) 100vw, 195px\" \/><\/a>The <b>original Jackass Brass Band <\/b>est un groupe de la plus pure tradition des Jazz Bands de la nouvelle Orl\u00e9ans qui rythmaient les clubs enfum\u00e9s de ce d\u00e9but de si\u00e8cle.<br \/>\nDes balbutiements du Swing aux charlestons endiabl\u00e9s, du jazz de rue au jazz <i>\u00ab\u00a0Cotton Club\u00a0\u00bb<\/i>, les 8 musiciens du Jackass Brass Band vous feront vivre des instants inoubliables&#8230;<\/p>\n<p>Le Jackass c&rsquo;est plusieurs formations possibles:<\/p>\n<ul>\n<li>The <b>original Jackass Brass Band <\/b>en octet: c&rsquo;est le full band, arrangements de Duke Ellington originaux; ambiance Cotton club,Harlem des ann\u00e9es 30<\/li>\n<\/ul>\n<ul>\n<li>The <strong>Jackass Brass Mini-band<\/strong> <em>Quintet<\/em> ou<em> Sextet<\/em> suivant vos souhaits; un orchestre plus compact, un repertoire plus traditionnel New Orleans ;<\/li>\n<\/ul>\n<ul>\n<li>The <strong>Jackass Brass<\/strong> <em>Parade<\/em> <strong>band <\/strong>en formule parade, tr\u00e8s mobile dans un r\u00e9pertoire New Orleans original et avec soubassophone.<\/li>\n<\/ul>\n<p>&nbsp;<\/p>\n<p>&nbsp;<\/p>\n","protected":false},"excerpt":{"rendered":"<p>The original Jackass Brass Band est un groupe de la plus pure tradition des Jazz Bands de la nouvelle Orl\u00e9ans qui rythmaient les clubs enfum\u00e9s de ce d\u00e9but de si\u00e8cle. Des balbutiements du Swing aux charlestons endiabl\u00e9s, du jazz de &hellip; <a href=\"http:\/\/jackassbrassband.fr\/\">Continuer la lecture <span class=\"meta-nav\">&rarr;<\/span><\/a><\/p>\n","protected":false},"author":1,"featured_media":0,"parent":0,"menu_order":0,"comment_status":"closed","ping_status":"open","template":"","meta":[],"_links":{"self":[{"href":"http:\/\/jackassbrassband.fr\/index.php?rest_route=\/wp\/v2\/pages\/2"}],"collection":[{"href":"http:\/\/jackassbrassband.fr\/index.php?rest_route=\/wp\/v2\/pages"}],"about":[{"href":"http:\/\/jackassbrassband.fr\/index.php?rest_route=\/wp\/v2\/types\/page"}],"author":[{"embeddable":true,"href":"http:\/\/jackassbrassband.fr\/index.php?rest_route=\/wp\/v2\/users\/1"}],"replies":[{"embeddable":true,"href":"http:\/\/jackassbrassband.fr\/index.php?rest_route=%2Fwp%2Fv2%2Fcomments&post=2"}],"version-history":[{"count":13,"href":"http:\/\/jackassbrassband.fr\/index.php?rest_route=\/wp\/v2\/pages\/2\/revisions"}],"predecessor-version":[{"id":280,"href":"http:\/\/jackassbrassband.fr\/index.php?rest_route=\/wp\/v2\/pages\/2\/revisions\/280"}],"wp:attachment":[{"href":"http:\/\/jackassbrassband.fr\/index.php?rest_route=%2Fwp%2Fv2%2Fmedia&parent=2"}],"curies":[{"name":"wp","href":"https:\/\/api.w.org\/{rel}","templated":true}]}}