{"id":22,"date":"2013-05-01T12:47:55","date_gmt":"2013-05-01T12:47:55","guid":{"rendered":"http:\/\/jackassbrassband.fr\/?page_id=22"},"modified":"2023-01-22T15:22:42","modified_gmt":"2023-01-22T15:22:42","slug":"contact","status":"publish","type":"page","link":"http:\/\/jackassbrassband.fr\/?page_id=22","title":{"rendered":"Contact"},"content":{"rendered":"<p>Si vous souhaitez nous contacter&#8230;c&rsquo;est la bonne page!<br \/>\nA tr\u00e8s bient\u00f4t!!!<\/p>\n<p>T\u00e9l\u00e9phone: 06 25 74 64 03<\/p>\n<p><a href=\"http:\/\/jackassbrassband.fr\/wp-content\/uploads\/2013\/05\/image001.gif\"><img loading=\"lazy\" class=\"alignnone size-medium wp-image-81\" src=\"http:\/\/jackassbrassband.fr\/wp-content\/uploads\/2013\/05\/image001-300x13.gif\" alt=\"image001\" width=\"300\" height=\"13\" \/><\/a><\/p>\n<p>ASSOCIATION \u00ab\u00a0DIXIE METRIX\u00a0\u00bb<br \/>\n<span class=\"noTrad\"> 83 rue Chateaubriand 78180 Montigny le Bretonneux<\/span><\/p>\n","protected":false},"excerpt":{"rendered":"<p>Si vous souhaitez nous contacter&#8230;c&rsquo;est la bonne page! A tr\u00e8s bient\u00f4t!!! T\u00e9l\u00e9phone: 06 25 74 64 03 ASSOCIATION \u00ab\u00a0DIXIE METRIX\u00a0\u00bb 83 rue Chateaubriand 78180 Montigny le Bretonneux<\/p>\n","protected":false},"author":1,"featured_media":0,"parent":0,"menu_order":0,"comment_status":"closed","ping_status":"open","template":"","meta":[],"_links":{"self":[{"href":"http:\/\/jackassbrassband.fr\/index.php?rest_route=\/wp\/v2\/pages\/22"}],"collection":[{"href":"http:\/\/jackassbrassband.fr\/index.php?rest_route=\/wp\/v2\/pages"}],"about":[{"href":"http:\/\/jackassbrassband.fr\/index.php?rest_route=\/wp\/v2\/types\/page"}],"author":[{"embeddable":true,"href":"http:\/\/jackassbrassband.fr\/index.php?rest_route=\/wp\/v2\/users\/1"}],"replies":[{"embeddable":true,"href":"http:\/\/jackassbrassband.fr\/index.php?rest_route=%2Fwp%2Fv2%2Fcomments&post=22"}],"version-history":[{"count":9,"href":"http:\/\/jackassbrassband.fr\/index.php?rest_route=\/wp\/v2\/pages\/22\/revisions"}],"predecessor-version":[{"id":330,"href":"http:\/\/jackassbrassband.fr\/index.php?rest_route=\/wp\/v2\/pages\/22\/revisions\/330"}],"wp:attachment":[{"href":"http:\/\/jackassbrassband.fr\/index.php?rest_route=%2Fwp%2Fv2%2Fmedia&parent=22"}],"curies":[{"name":"wp","href":"https:\/\/api.w.org\/{rel}","templated":true}]}}