{"id":42,"date":"2013-05-18T18:45:00","date_gmt":"2013-05-18T18:45:00","guid":{"rendered":"http:\/\/jackassbrassband.fr\/?page_id=42"},"modified":"2024-08-14T16:24:22","modified_gmt":"2024-08-14T16:24:22","slug":"photosvideos","status":"publish","type":"page","link":"http:\/\/jackassbrassband.fr\/?page_id=42","title":{"rendered":"Photos\/Vid\u00e9os"},"content":{"rendered":"<p>Le Jackass Brass Band au studio 104 de Radio France pour la f\u00eate de la musique de France Musique (2022)<\/p>\n<p><iframe loading=\"lazy\" title=\"Sp\u00e9ciale Swing : Jackass Brass Band - #F\u00eatedelamusique2022\" frameborder=\"0\" width=\"640\" height=\"359\" src=\"https:\/\/geo.dailymotion.com\/player.html?video=x8d844t&#038;\" allowfullscreen allow=\"autoplay; fullscreen; picture-in-picture; web-share\"><\/iframe><\/p>\n<p>Vid\u00e9os du Jackass Brass Band en plein confinement (2020)<br \/><iframe loading=\"lazy\" src=\"https:\/\/www.youtube.com\/embed\/8MHUZBMSmOA\" width=\"656\" height=\"369\" frameborder=\"0\" allowfullscreen=\"allowfullscreen\"><\/iframe><iframe loading=\"lazy\" src=\"https:\/\/www.youtube.com\/embed\/sQ1bLRLVW54\" width=\"656\" height=\"369\" frameborder=\"0\" allowfullscreen=\"allowfullscreen\"><\/iframe><\/p>\n<p>Vid\u00e9o au M de Meg\u00e8ve: Festival Wine &amp; Swing &lsquo;2015<\/p>\n<p><iframe loading=\"lazy\" src=\"https:\/\/www.youtube.com\/embed\/aTsH1TOnOog\" width=\"365\" height=\"206\" frameborder=\"0\" allowfullscreen=\"allowfullscreen\"><\/iframe><\/p>\n<p>Vid\u00e9o des 10ans des puppinis avec le Jackass Brass Band<\/p>\n<p><iframe loading=\"lazy\" src=\"\/\/www.youtube.com\/embed\/e6Lz8Y8XhVE?feature=player_detailpage\" width=\"365\" height=\"206\" frameborder=\"0\" allowfullscreen=\"allowfullscreen\"><\/iframe><\/p>\n<p>Vid\u00e9os d&rsquo;Eric Esquivel au Pan Piper en 2013&#8230;.<br \/><iframe loading=\"lazy\" src=\"http:\/\/www.youtube.com\/embed\/n7jEIo7sotY?feature=player_detailpage\" width=\"373\" height=\"219\" frameborder=\"0\" allowfullscreen=\"allowfullscreen\"><\/iframe><br \/><iframe loading=\"lazy\" src=\"http:\/\/www.youtube.com\/embed\/pe1E0AYmiQI?feature=player_detailpage\" width=\"373\" height=\"219\" frameborder=\"0\" allowfullscreen=\"allowfullscreen\"><\/iframe><br \/><iframe loading=\"lazy\" src=\"http:\/\/www.youtube.com\/embed\/VKFQ9f3YG_0?feature=player_detailpage\" width=\"373\" height=\"219\" frameborder=\"0\" allowfullscreen=\"allowfullscreen\"><\/iframe><\/p>\n<p>et quelques photos&#8230;.<\/p>\n<p><a href=\"http:\/\/jackassbrassband.fr\/wp-content\/uploads\/2024\/08\/JAckass-tours-web3.jpg\"><img loading=\"lazy\" class=\"alignnone size-medium wp-image-381\" src=\"http:\/\/jackassbrassband.fr\/wp-content\/uploads\/2024\/08\/JAckass-tours-web3-300x202.jpg\" alt=\"\" width=\"300\" height=\"202\" srcset=\"http:\/\/jackassbrassband.fr\/wp-content\/uploads\/2024\/08\/JAckass-tours-web3-300x202.jpg 300w, http:\/\/jackassbrassband.fr\/wp-content\/uploads\/2024\/08\/JAckass-tours-web3.jpg 690w\" sizes=\"(max-width: 300px) 100vw, 300px\" \/><\/a><a href=\"http:\/\/jackassbrassband.fr\/wp-content\/uploads\/2024\/08\/musiciens.png\"> <img loading=\"lazy\" class=\"alignnone  wp-image-382\" src=\"http:\/\/jackassbrassband.fr\/wp-content\/uploads\/2024\/08\/musiciens-300x118.png\" alt=\"\" width=\"338\" height=\"133\" srcset=\"http:\/\/jackassbrassband.fr\/wp-content\/uploads\/2024\/08\/musiciens-300x118.png 300w, http:\/\/jackassbrassband.fr\/wp-content\/uploads\/2024\/08\/musiciens-1024x403.png 1024w, http:\/\/jackassbrassband.fr\/wp-content\/uploads\/2024\/08\/musiciens-768x302.png 768w, http:\/\/jackassbrassband.fr\/wp-content\/uploads\/2024\/08\/musiciens-1536x604.png 1536w, http:\/\/jackassbrassband.fr\/wp-content\/uploads\/2024\/08\/musiciens-2048x805.png 2048w\" sizes=\"(max-width: 338px) 100vw, 338px\" \/><\/a><\/p>\n<p><a href=\"http:\/\/jackassbrassband.fr\/wp-content\/uploads\/2014\/08\/Puppini-Balajo-01.jpg\"><img loading=\"lazy\" class=\"alignnone size-full wp-image-120\" src=\"http:\/\/jackassbrassband.fr\/wp-content\/uploads\/2014\/08\/Puppini-Balajo-01.jpg\" alt=\"Puppini Balajo 01\" width=\"178\" height=\"178\" srcset=\"http:\/\/jackassbrassband.fr\/wp-content\/uploads\/2014\/08\/Puppini-Balajo-01.jpg 178w, http:\/\/jackassbrassband.fr\/wp-content\/uploads\/2014\/08\/Puppini-Balajo-01-150x150.jpg 150w\" sizes=\"(max-width: 178px) 100vw, 178px\" \/><\/a> <a href=\"http:\/\/jackassbrassband.fr\/wp-content\/uploads\/2014\/08\/Puppini-Balajo-03.jpg\"><img loading=\"lazy\" class=\"alignnone size-full wp-image-127\" src=\"http:\/\/jackassbrassband.fr\/wp-content\/uploads\/2014\/08\/Puppini-Balajo-03.jpg\" alt=\"Puppini Balajo 03\" width=\"178\" height=\"178\" srcset=\"http:\/\/jackassbrassband.fr\/wp-content\/uploads\/2014\/08\/Puppini-Balajo-03.jpg 178w, http:\/\/jackassbrassband.fr\/wp-content\/uploads\/2014\/08\/Puppini-Balajo-03-150x150.jpg 150w\" sizes=\"(max-width: 178px) 100vw, 178px\" \/><\/a><a href=\"http:\/\/jackassbrassband.fr\/wp-content\/uploads\/2014\/08\/Puppini-Balajo-02.jpg\"><img loading=\"lazy\" class=\"alignnone size-full wp-image-125\" src=\"http:\/\/jackassbrassband.fr\/wp-content\/uploads\/2014\/08\/Puppini-Balajo-02.jpg\" alt=\"Puppini Balajo 02\" width=\"178\" height=\"178\" srcset=\"http:\/\/jackassbrassband.fr\/wp-content\/uploads\/2014\/08\/Puppini-Balajo-02.jpg 178w, http:\/\/jackassbrassband.fr\/wp-content\/uploads\/2014\/08\/Puppini-Balajo-02-150x150.jpg 150w\" sizes=\"(max-width: 178px) 100vw, 178px\" \/><\/a><br \/><a href=\"http:\/\/jackassbrassband.fr\/wp-content\/uploads\/2013\/05\/MG_9583.jpg\"><img loading=\"lazy\" class=\"alignnone size-medium wp-image-46\" src=\"http:\/\/jackassbrassband.fr\/wp-content\/uploads\/2013\/05\/MG_9583-200x300.jpg\" alt=\"_MG_9583\" width=\"127\" height=\"185\" \/><\/a><a href=\"http:\/\/jackassbrassband.fr\/wp-content\/uploads\/2013\/05\/JBB_linas.jpg\"><img loading=\"lazy\" class=\"alignnone size-medium wp-image-43\" src=\"http:\/\/jackassbrassband.fr\/wp-content\/uploads\/2013\/05\/JBB_linas-300x225.jpg\" alt=\"JBB_linas\" width=\"261\" height=\"199\" \/><\/a><a href=\"http:\/\/jackassbrassband.fr\/wp-content\/uploads\/2022\/07\/swing-radiofrance2.jpg\"><img loading=\"lazy\" class=\"alignnone  wp-image-309\" src=\"http:\/\/jackassbrassband.fr\/wp-content\/uploads\/2022\/07\/swing-radiofrance2-300x300.jpg\" alt=\"\" width=\"192\" height=\"192\" srcset=\"http:\/\/jackassbrassband.fr\/wp-content\/uploads\/2022\/07\/swing-radiofrance2-300x300.jpg 300w, http:\/\/jackassbrassband.fr\/wp-content\/uploads\/2022\/07\/swing-radiofrance2-150x150.jpg 150w, http:\/\/jackassbrassband.fr\/wp-content\/uploads\/2022\/07\/swing-radiofrance2-768x769.jpg 768w, http:\/\/jackassbrassband.fr\/wp-content\/uploads\/2022\/07\/swing-radiofrance2.jpg 942w\" sizes=\"(max-width: 192px) 100vw, 192px\" \/><\/a><a href=\"http:\/\/jackassbrassband.fr\/wp-content\/uploads\/2013\/05\/VENTS2.gif\"><img loading=\"lazy\" class=\"alignnone size-full wp-image-44\" src=\"http:\/\/jackassbrassband.fr\/wp-content\/uploads\/2013\/05\/VENTS2.gif\" alt=\"VENTS2\" width=\"150\" height=\"166\" \/><\/a><a href=\"http:\/\/jackassbrassband.fr\/wp-content\/uploads\/2022\/07\/parade-radiofrance.jpg\"><img loading=\"lazy\" class=\"alignnone  wp-image-306\" src=\"http:\/\/jackassbrassband.fr\/wp-content\/uploads\/2022\/07\/parade-radiofrance-300x225.jpg\" alt=\"\" width=\"200\" height=\"150\" srcset=\"http:\/\/jackassbrassband.fr\/wp-content\/uploads\/2022\/07\/parade-radiofrance-300x225.jpg 300w, http:\/\/jackassbrassband.fr\/wp-content\/uploads\/2022\/07\/parade-radiofrance.jpg 307w\" sizes=\"(max-width: 200px) 100vw, 200px\" \/><\/a><a href=\"http:\/\/jackassbrassband.fr\/wp-content\/uploads\/2013\/05\/PetitJournal-10.jpg\"><img loading=\"lazy\" class=\"alignnone size-medium wp-image-48\" src=\"http:\/\/jackassbrassband.fr\/wp-content\/uploads\/2013\/05\/PetitJournal-10-300x142.jpg\" alt=\"PetitJournal-10\" width=\"300\" height=\"142\" srcset=\"http:\/\/jackassbrassband.fr\/wp-content\/uploads\/2013\/05\/PetitJournal-10-300x142.jpg 300w, http:\/\/jackassbrassband.fr\/wp-content\/uploads\/2013\/05\/PetitJournal-10.jpg 450w\" sizes=\"(max-width: 300px) 100vw, 300px\" \/><\/a><\/p>\n\n\n<p><\/p>\n","protected":false},"excerpt":{"rendered":"<p>Le Jackass Brass Band au studio 104 de Radio France pour la f\u00eate de la musique de France Musique (2022) Vid\u00e9os du Jackass Brass Band en plein confinement (2020) Vid\u00e9o au M de Meg\u00e8ve: Festival Wine &amp; Swing &lsquo;2015 Vid\u00e9o &hellip; <a href=\"http:\/\/jackassbrassband.fr\/?page_id=42\">Continuer la lecture <span class=\"meta-nav\">&rarr;<\/span><\/a><\/p>\n","protected":false},"author":1,"featured_media":0,"parent":0,"menu_order":0,"comment_status":"closed","ping_status":"open","template":"","meta":[],"_links":{"self":[{"href":"http:\/\/jackassbrassband.fr\/index.php?rest_route=\/wp\/v2\/pages\/42"}],"collection":[{"href":"http:\/\/jackassbrassband.fr\/index.php?rest_route=\/wp\/v2\/pages"}],"about":[{"href":"http:\/\/jackassbrassband.fr\/index.php?rest_route=\/wp\/v2\/types\/page"}],"author":[{"embeddable":true,"href":"http:\/\/jackassbrassband.fr\/index.php?rest_route=\/wp\/v2\/users\/1"}],"replies":[{"embeddable":true,"href":"http:\/\/jackassbrassband.fr\/index.php?rest_route=%2Fwp%2Fv2%2Fcomments&post=42"}],"version-history":[{"count":27,"href":"http:\/\/jackassbrassband.fr\/index.php?rest_route=\/wp\/v2\/pages\/42\/revisions"}],"predecessor-version":[{"id":385,"href":"http:\/\/jackassbrassband.fr\/index.php?rest_route=\/wp\/v2\/pages\/42\/revisions\/385"}],"wp:attachment":[{"href":"http:\/\/jackassbrassband.fr\/index.php?rest_route=%2Fwp%2Fv2%2Fmedia&parent=42"}],"curies":[{"name":"wp","href":"https:\/\/api.w.org\/{rel}","templated":true}]}}